{"id":32,"date":"2021-11-25T12:42:42","date_gmt":"2021-11-25T12:42:42","guid":{"rendered":"https:\/\/brand1.com.br\/cielo\/?page_id=32"},"modified":"2022-08-21T17:06:31","modified_gmt":"2022-08-21T17:06:31","slug":"a-clinica","status":"publish","type":"page","link":"https:\/\/brand1.com.br\/cielo\/a-clinica\/","title":{"rendered":"Cl\u00ednica"},"content":{"rendered":"<div class=\"wpb-content-wrapper\"><section class=\"l-section wpb_row  hide_on_tablets height_auto\"><div class=\"l-section-h i-cf\"><div class=\"g-cols vc_row via_flex valign_top type_default stacking_default\"><div class=\"vc_col-sm-12 wpb_column vc_column_container\"><div class=\"vc_column-inner\"><div class=\"wpb_wrapper\"><\/div><\/div><\/div><\/div><\/div><\/section><section class=\"l-section wpb_row us_custom_30e05db6 height_medium\"><div class=\"l-section-h i-cf\"><div class=\"g-cols vc_row via_flex valign_top type_default stacking_default\"><div class=\"vc_col-sm-12 wpb_column vc_column_container\"><div class=\"vc_column-inner\"><div class=\"wpb_wrapper\"><div class=\"wpb_text_column us_custom_ff4c2274 has_text_color us_animate_this\"><div class=\"wpb_wrapper\"><h1>Cl\u00ednica<\/h1>\n<\/div><\/div><\/div><\/div><\/div><\/div><\/div><\/section><section class=\"l-section wpb_row height_medium\"><div class=\"l-section-h i-cf\"><div class=\"g-cols vc_row via_flex valign_top type_default stacking_default\"><div class=\"vc_col-sm-12 wpb_column vc_column_container\"><div class=\"vc_column-inner\"><div class=\"wpb_wrapper\"><div class=\"wpb_text_column us_custom_b945a29a has_text_color us_animate_this\"><div class=\"wpb_wrapper\"><h2><strong>Objetivo\u00a0<\/strong><\/h2>\n<p>A Cesar Cielo Swim Clinic (CCSC) foi desenvolvida pelo Cielo e tem o objetivo de aperfei\u00e7oar os atletas que participam, e profissionalizar ainda mais os t\u00e9cnicos e profissionais do esporte. Depois de mais de 10 anos morando nos Estados Unidos e participando dos famosos Swim Camps do pa\u00eds, Cielo trouxe para o Brasil o m\u00e9todo usado pelos americanos.<\/p>\n<p>Diferente das outras cl\u00ednicas de nata\u00e7\u00e3o do Brasil, a CCSC visa o individualismo, com isso, apenas 40 atletas s\u00e3o atendidos em cada edi\u00e7\u00e3o. Justamente, para que eles tenham mais contato com o Cesar Cielo e staff.<\/p>\n<\/div><\/div><\/div><\/div><\/div><\/div><\/div><\/section><section class=\"l-section wpb_row us_custom_770c44b8  hide_on_default hide_on_laptops hide_on_tablets hide_on_mobiles height_large\"><div class=\"l-section-h i-cf\"><div class=\"g-cols vc_row via_flex valign_top type_default stacking_default\"><div class=\"vc_col-sm-12 wpb_column vc_column_container\"><div class=\"vc_column-inner\"><div class=\"wpb_wrapper\"><div class=\"wpb_text_column us_custom_b39d3fd4 has_text_color\"><div class=\"wpb_wrapper\"><h1 style=\"text-align: center;\"><\/h1>\n<\/div><\/div><\/div><\/div><\/div><\/div><\/div><\/section><section class=\"l-section wpb_row height_medium width_full\"><div class=\"l-section-h i-cf\"><div class=\"g-cols vc_row via_flex valign_top type_default stacking_default\"><div class=\"vc_col-sm-12 wpb_column vc_column_container\"><div class=\"vc_column-inner\"><div class=\"wpb_wrapper\"><div class=\"g-cols wpb_row via_flex valign_top type_boxes stacking_default\"><div class=\"vc_col-sm-6 wpb_column vc_column_container\"><div class=\"vc_column-inner\"><div class=\"wpb_wrapper\"><div class=\"wpb_text_column us_custom_2f8acd4a has_text_color us_animate_this\"><div class=\"wpb_wrapper\"><h2><strong>Como surgiu a ideia\u00a0<\/strong><\/h2>\n<p>A ideia veio da \u00e9poca em que Cielo estava estudando e treinando nos Estados Unidos. \u201cGostaria que os nadadores brasileiros tivessem a mesma experi\u00eancia que um atleta americano tem nos swim camps\u201d, afirma Cielo.<\/p>\n<p>Idealizada pelo campe\u00e3o, a CCSC \u00e9 uma cl\u00ednica de nata\u00e7\u00e3o completa, de treinos e palestras com o staff renomado do Cielo, Prof\u00aa Ms Fl\u00e1via Cielo e Mateus Cruz Correa. Os atletas participantes s\u00e3o atendidos e supervisionados pelo campe\u00e3o.<\/p>\n<\/div><\/div><\/div><\/div><\/div><div class=\"vc_col-sm-6 wpb_column vc_column_container\"><div class=\"vc_column-inner us_custom_54955a12\"><div class=\"wpb_wrapper\"><div class=\"w-image align_none\"><div class=\"w-image-h\"><img loading=\"lazy\" decoding=\"async\" width=\"960\" height=\"596\" src=\"https:\/\/brand1.com.br\/cielo\/wp-content\/uploads\/2022\/08\/instituto-1-copiar.jpg\" class=\"attachment-full size-full\" alt=\"\" srcset=\"https:\/\/brand1.com.br\/cielo\/wp-content\/uploads\/2022\/08\/instituto-1-copiar.jpg 960w, https:\/\/brand1.com.br\/cielo\/wp-content\/uploads\/2022\/08\/instituto-1-copiar-300x186.jpg 300w\" sizes=\"auto, (max-width: 960px) 100vw, 960px\" \/><\/div><\/div><\/div><\/div><\/div><\/div><\/div><\/div><\/div><\/div><\/div><\/section><section class=\"l-section wpb_row height_medium width_full\"><div class=\"l-section-h i-cf\"><div class=\"g-cols vc_row via_flex valign_top type_default stacking_default\"><div class=\"vc_col-sm-12 wpb_column vc_column_container\"><div class=\"vc_column-inner\"><div class=\"wpb_wrapper\"><div class=\"g-cols wpb_row via_flex valign_top type_boxes reversed stacking_default\"><div class=\"vc_col-sm-6 wpb_column vc_column_container  hide_on_default hide_on_laptops hide_on_tablets hide_on_mobiles has_bg_color\"><div class=\"vc_column-inner us_custom_327c61b5\"><div class=\"wpb_wrapper\"><div class=\"w-image align_none\"><div class=\"w-image-h\"><img loading=\"lazy\" decoding=\"async\" width=\"960\" height=\"596\" src=\"https:\/\/brand1.com.br\/cielo\/wp-content\/uploads\/2022\/08\/instituto-1-copiar1.jpg\" class=\"attachment-large size-large\" alt=\"\" srcset=\"https:\/\/brand1.com.br\/cielo\/wp-content\/uploads\/2022\/08\/instituto-1-copiar1.jpg 960w, https:\/\/brand1.com.br\/cielo\/wp-content\/uploads\/2022\/08\/instituto-1-copiar1-300x186.jpg 300w\" sizes=\"auto, (max-width: 960px) 100vw, 960px\" \/><\/div><\/div><\/div><\/div><\/div><div class=\"vc_col-sm-6 wpb_column vc_column_container  hide_on_default hide_on_laptops hide_on_tablets hide_on_mobiles\"><div class=\"vc_column-inner\"><div class=\"wpb_wrapper\"><div class=\"wpb_text_column us_custom_ad370140 has_text_color us_animate_this\"><div class=\"wpb_wrapper\"><p>\u201cNas edi\u00e7\u00f5es da CCSC, temos n\u00famero de atletas restritos, visando entregar um servi\u00e7o melhor. Os atletas adoram ver que estou na borda da piscina observando cada virada, chegada e chamando-os pelo nome\u201d, conta Cielo.<\/p>\n<p>Respons\u00e1vel t\u00e9cnico: Prof Regis Mencia- CREF: 015995-G\/SP<\/p>\n<p>Para mais informa\u00e7\u00f5es:<a href=\"https:\/\/www.instagram.com\/ccielosc\/\"> www.instagram.com\/ccielosc\/<\/a><\/p>\n<\/div><\/div><\/div><\/div><\/div><\/div><\/div><\/div><\/div><\/div><\/div><\/section>\n<\/div>","protected":false},"excerpt":{"rendered":"Cl\u00ednica Objetivo\u00a0 A Cesar Cielo Swim Clinic (CCSC) foi desenvolvida pelo Cielo e tem o objetivo de aperfei\u00e7oar os atletas que participam, e profissionalizar ainda mais os t\u00e9cnicos e profissionais do esporte. Depois de mais de 10 anos morando nos Estados Unidos e participando dos famosos Swim Camps do pa\u00eds, Cielo trouxe para o Brasil...","protected":false},"author":1,"featured_media":0,"parent":0,"menu_order":0,"comment_status":"closed","ping_status":"closed","template":"","meta":{"footnotes":""},"class_list":["post-32","page","type-page","status-publish","hentry"],"_links":{"self":[{"href":"https:\/\/brand1.com.br\/cielo\/wp-json\/wp\/v2\/pages\/32","targetHints":{"allow":["GET"]}}],"collection":[{"href":"https:\/\/brand1.com.br\/cielo\/wp-json\/wp\/v2\/pages"}],"about":[{"href":"https:\/\/brand1.com.br\/cielo\/wp-json\/wp\/v2\/types\/page"}],"author":[{"embeddable":true,"href":"https:\/\/brand1.com.br\/cielo\/wp-json\/wp\/v2\/users\/1"}],"replies":[{"embeddable":true,"href":"https:\/\/brand1.com.br\/cielo\/wp-json\/wp\/v2\/comments?post=32"}],"version-history":[{"count":29,"href":"https:\/\/brand1.com.br\/cielo\/wp-json\/wp\/v2\/pages\/32\/revisions"}],"predecessor-version":[{"id":395,"href":"https:\/\/brand1.com.br\/cielo\/wp-json\/wp\/v2\/pages\/32\/revisions\/395"}],"wp:attachment":[{"href":"https:\/\/brand1.com.br\/cielo\/wp-json\/wp\/v2\/media?parent=32"}],"curies":[{"name":"wp","href":"https:\/\/api.w.org\/{rel}","templated":true}]}}